{"id":8,"date":"2015-12-01T10:48:16","date_gmt":"2015-12-01T10:48:16","guid":{"rendered":"http:\/\/test.charlottadesign.se\/lions.se\/?page_id=8"},"modified":"2024-09-05T06:32:55","modified_gmt":"2024-09-05T06:32:55","slug":"bli-medlem","status":"publish","type":"page","link":"http:\/\/pitea.lions.se\/p-o\/bli-medlem\/","title":{"rendered":"Bli medlem"},"content":{"rendered":"<h2>Medlemskap<\/h2>\n<p>Det \u00e4r enkelt att bli medlem hos oss.<\/p>\n<p>Du kan ta kontakt med n\u00e5gon medlem du k\u00e4nner i klubben och fr\u00e5ga om du kan f\u00e5 bli medlem. Sj\u00e4lvklart m\u00e5ste du vara villig att f\u00f6lja Lions Club internationals etik och syften\u00a0f\u00f6r att bli medlem.<br \/>\nSe under flik\u00a0<a href=\"http:\/\/pitea.lions.se\/p-o\/etik-och-syften\/\">etik och syften<\/a>.<\/p>\n<p>K\u00e4nner du ingen i gruppen, s\u00e5 kontakta n\u00e5gon i styrelsen s\u00e5 hj\u00e4lper vi till f\u00f6r att du skall f\u00e5 ett medlemskap.<\/p>\n<p>\u00c4ndam\u00e5l<br \/>\nKlubbens \u00e4ndam\u00e5l \u00e4r att fr\u00e4mja och aktivt deltaga i samh\u00e4llsnyttig verksamhet av humanit\u00e4r, social och kulturell art samt att skapa och uppr\u00e4tth\u00e5lla en anda av samf\u00f6rst\u00e5nd mellan jordensfolk.<\/p>\n<p>Medlemskap<br \/>\nVarje myndig person som f\u00f6rklarar sej villig att f\u00f6lja Lions Club internationals etik och syften\u00a0kan bli medlem.<br \/>\n\u00c5rsavgift 1200:- Par betalar 800:- + 400:-<\/p>\n<p>\u00c4ndam\u00e5l och medlemskap \u00e4r h\u00e4mtad ur Normalstadgarna LC i MD 101.<\/p>\n<p>&nbsp;<\/p>\n<!-- AddThis Advanced Settings generic via filter on the_content --><!-- AddThis Share Buttons generic via filter on the_content -->","protected":false},"excerpt":{"rendered":"<p>Medlemskap Det \u00e4r enkelt att bli medlem hos oss. Du kan ta kontakt med n\u00e5gon medlem du k\u00e4nner i klubben och fr\u00e5ga om du kan f\u00e5 bli medlem. Sj\u00e4lvklart m\u00e5ste du vara villig att f\u00f6lja Lions Club internationals etik och<span class=\"ellipsis\">&hellip;<\/span><\/p>\n<div class=\"read-more\"><a href=\"http:\/\/pitea.lions.se\/p-o\/bli-medlem\/\">L\u00e4s mer &#8250;<\/a><\/div>\n<p><!-- end of .read-more --><!-- AddThis Advanced Settings generic via filter on get_the_excerpt --><!-- AddThis Share Buttons generic via filter on get_the_excerpt --><\/p>\n","protected":false},"author":1,"featured_media":0,"parent":0,"menu_order":0,"comment_status":"closed","ping_status":"closed","template":"","meta":{"footnotes":""},"class_list":["post-8","page","type-page","status-publish","hentry"],"aioseo_notices":[],"_links":{"self":[{"href":"http:\/\/pitea.lions.se\/p-o\/wp-json\/wp\/v2\/pages\/8","targetHints":{"allow":["GET"]}}],"collection":[{"href":"http:\/\/pitea.lions.se\/p-o\/wp-json\/wp\/v2\/pages"}],"about":[{"href":"http:\/\/pitea.lions.se\/p-o\/wp-json\/wp\/v2\/types\/page"}],"author":[{"embeddable":true,"href":"http:\/\/pitea.lions.se\/p-o\/wp-json\/wp\/v2\/users\/1"}],"replies":[{"embeddable":true,"href":"http:\/\/pitea.lions.se\/p-o\/wp-json\/wp\/v2\/comments?post=8"}],"version-history":[{"count":19,"href":"http:\/\/pitea.lions.se\/p-o\/wp-json\/wp\/v2\/pages\/8\/revisions"}],"predecessor-version":[{"id":3179,"href":"http:\/\/pitea.lions.se\/p-o\/wp-json\/wp\/v2\/pages\/8\/revisions\/3179"}],"wp:attachment":[{"href":"http:\/\/pitea.lions.se\/p-o\/wp-json\/wp\/v2\/media?parent=8"}],"curies":[{"name":"wp","href":"https:\/\/api.w.org\/{rel}","templated":true}]}}