{"id":341,"date":"2016-02-23T10:52:49","date_gmt":"2016-02-23T10:52:49","guid":{"rendered":"http:\/\/test.charlottadesign.se\/lions.se\/?page_id=341"},"modified":"2025-09-05T12:26:47","modified_gmt":"2025-09-05T12:26:47","slug":"verksamhetsplan","status":"publish","type":"page","link":"http:\/\/pitea.lions.se\/p-o\/verksamhetsplan\/","title":{"rendered":"Verksamhetsplan"},"content":{"rendered":"<p><strong>Verksamhetsplan 2025 &#8211; 2026<br \/>\n<\/strong><strong>Lions Club Pite\u00e5\/\u00d6jebyn<\/strong><\/p>\n<p><strong>Lions syften.<\/strong><\/p>\n<ul>\n<li>Att skapa och uppr\u00e4tth\u00e5lla en anda av samf\u00f6rst\u00e5nd mellan jordens folk.<\/li>\n<li>Att befr\u00e4mja god samh\u00e4llsanda.<\/li>\n<li>Att genom aktiva insatser bidra till en positiv samh\u00e4llsutveckling.<\/li>\n<li>Att f\u00f6rena medlemmar med band av v\u00e4nskap, gott kamratskap och \u00f6msesidig f\u00f6rst\u00e5else.<\/li>\n<li>Att vara forum f\u00f6r \u00f6ppen diskussion av fr\u00e5gor av allm\u00e4nt intresse utan inblandning av partipolitiska eller religi\u00f6sa s\u00e4rintressen.<\/li>\n<li>Att uppmuntra duglighet och ansvarsk\u00e4nsla.<\/li>\n<\/ul>\n<p>Lions Club Pite\u00e5\/\u00d6jebyn bidrar med hj\u00e4lpinsatser, kunskap, n\u00e4tverkande och gl\u00e4dje. Tillsammans etablerar vi en stark framtidstro och st\u00f6djer beh\u00f6vande medm\u00e4nniskor. Lions administration betalas med medlemsavgifter, ej insamlade medel.<\/p>\n<p><strong>Lions uppgift.<\/strong><\/p>\n<ul>\n<li>Att g\u00f6ra det m\u00f6jligt f\u00f6r de frivilliga att tillhandah\u00e5lla hj\u00e4lpinsatser i samh\u00e4llet, tillgodose humanit\u00e4ra behov samt fr\u00e4mja fred och internationell f\u00f6rst\u00e5else genom Lions klubbar.<\/li>\n<\/ul>\n\n<table id=\"tablepress-3\" class=\"tablepress tablepress-id-3\">\n<thead>\n<tr class=\"row-1 odd\">\n\t<th class=\"column-1\"><\/th><th class=\"column-2\"><\/th><th class=\"column-3\"><\/th>\n<\/tr>\n<\/thead>\n<tbody class=\"row-hover\">\n<tr class=\"row-2 even\">\n\t<td class=\"column-1\"><strong>Augusti<\/strong><\/td><td class=\"column-2\">18\/8 Styrelsem\u00f6te<\/td><td class=\"column-3\">Presidenten<\/td>\n<\/tr>\n<tr class=\"row-3 odd\">\n\t<td class=\"column-1\"><\/td><td class=\"column-2\">Planering Styrelsens kommande arbete<\/td><td class=\"column-3\">Presidenten<\/td>\n<\/tr>\n<tr class=\"row-4 even\">\n\t<td class=\"column-1\"><\/td><td class=\"column-2\">\u00d6versyn av Verksamhetsplanen<\/td><td class=\"column-3\">Styrelsen<\/td>\n<\/tr>\n<tr class=\"row-5 odd\">\n\t<td class=\"column-1\"><\/td><td class=\"column-2\">Arbetsgrupper\/kommitt\u00e9er<\/td><td class=\"column-3\">Styrelsen<\/td>\n<\/tr>\n<tr class=\"row-6 even\">\n\t<td class=\"column-1\"><\/td><td class=\"column-2\">Budgetf\u00f6rslag<\/td><td class=\"column-3\">Kass\u00f6ren<\/td>\n<\/tr>\n<tr class=\"row-7 odd\">\n\t<td class=\"column-1\"><\/td><td class=\"column-2\">Budget adminkassan<\/td><td class=\"column-3\">Styrelsen<\/td>\n<\/tr>\n<tr class=\"row-8 even\">\n\t<td class=\"column-1\"><\/td><td class=\"column-2\">Verksamhetsber\u00e4ttelse<\/td><td class=\"column-3\">Avg President<\/td>\n<\/tr>\n<tr class=\"row-9 odd\">\n\t<td class=\"column-1\"><\/td><td class=\"column-2\">M\u00f6tesplanering lokal<\/td><td class=\"column-3\">Klubbm\u00e4stare<\/td>\n<\/tr>\n<tr class=\"row-10 even\">\n\t<td class=\"column-1\"><\/td><td class=\"column-2\"><\/td><td class=\"column-3\"><\/td>\n<\/tr>\n<tr class=\"row-11 odd\">\n\t<td class=\"column-1\"><strong>September<\/strong><\/td><td class=\"column-2\">1\/9 Medlemsm\u00f6te, grp 1<\/td><td class=\"column-3\">Sekreterare\/President<\/td>\n<\/tr>\n<tr class=\"row-12 even\">\n\t<td class=\"column-1\"><\/td><td class=\"column-2\">15\/9 Styrelsem\u00f6te<\/td><td class=\"column-3\">Sekreterare\/President<\/td>\n<\/tr>\n<tr class=\"row-13 odd\">\n\t<td class=\"column-1\"><\/td><td class=\"column-2\">Verksamhetsplan<\/td><td class=\"column-3\">M\u00e5nadsm\u00f6te<\/td>\n<\/tr>\n<tr class=\"row-14 even\">\n\t<td class=\"column-1\"><\/td><td class=\"column-2\">20-21 sept, Distriktsm\u00f6te Lycksele<\/td><td class=\"column-3\">M\u00e5nadsm\u00f6te<\/td>\n<\/tr>\n<tr class=\"row-15 odd\">\n\t<td class=\"column-1\"><\/td><td class=\"column-2\"><\/td><td class=\"column-3\"><\/td>\n<\/tr>\n<tr class=\"row-16 even\">\n\t<td class=\"column-1\"><strong>Oktober<\/strong><\/td><td class=\"column-2\">6\/10 Medlemsm\u00f6te grp 2<\/td><td class=\"column-3\">Sekreterare\/President<\/td>\n<\/tr>\n<tr class=\"row-17 odd\">\n\t<td class=\"column-1\"><\/td><td class=\"column-2\">20\/10 Styrelsem\u00f6te<\/td><td class=\"column-3\">Sekreterare\/President<\/td>\n<\/tr>\n<tr class=\"row-18 even\">\n\t<td class=\"column-1\"><\/td><td class=\"column-2\">Bokslut Kass\u00f6r<\/td><td class=\"column-3\">M\u00e5nadsm\u00f6te<\/td>\n<\/tr>\n<tr class=\"row-19 odd\">\n\t<td class=\"column-1\"><\/td><td class=\"column-2\">Revision - Revisorerna<\/td><td class=\"column-3\">M\u00e5nadsm\u00f6te<\/td>\n<\/tr>\n<tr class=\"row-20 even\">\n\t<td class=\"column-1\"><\/td><td class=\"column-2\">Ansvarsfrihet avg\u00e5ende styrelse<\/td><td class=\"column-3\">M\u00e5nadsm\u00f6te<\/td>\n<\/tr>\n<tr class=\"row-21 odd\">\n\t<td class=\"column-1\"><\/td><td class=\"column-2\"><\/td><td class=\"column-3\"><\/td>\n<\/tr>\n<tr class=\"row-22 even\">\n\t<td class=\"column-1\"><strong>November<\/strong><\/td><td class=\"column-2\">3\/11 Medlemsm\u00f6te grp 3<\/td><td class=\"column-3\">Sekreterare\/President<\/td>\n<\/tr>\n<tr class=\"row-23 odd\">\n\t<td class=\"column-1\"><\/td><td class=\"column-2\">17\/11 Styrelsem\u00f6te<\/td><td class=\"column-3\">Sekreterare\/President<\/td>\n<\/tr>\n<tr class=\"row-24 even\">\n\t<td class=\"column-1\"><\/td><td class=\"column-2\"><\/td><td class=\"column-3\"><\/td>\n<\/tr>\n<tr class=\"row-25 odd\">\n\t<td class=\"column-1\"><strong>December<\/strong><\/td><td class=\"column-2\">1\/12 Medlemsm\u00f6te grp 1<\/td><td class=\"column-3\">Sekreterare\/President<\/td>\n<\/tr>\n<tr class=\"row-26 even\">\n\t<td class=\"column-1\"><\/td><td class=\"column-2\">15\/12 Styrelsem\u00f6te<\/td><td class=\"column-3\">Sekreterare\/President<\/td>\n<\/tr>\n<tr class=\"row-27 odd\">\n\t<td class=\"column-1\"><\/td><td class=\"column-2\">Julmarknad <\/td><td class=\"column-3\">Barnfonden<\/td>\n<\/tr>\n<tr class=\"row-28 even\">\n\t<td class=\"column-1\"><\/td><td class=\"column-2\">Julaktivitet, beh\u00f6vande barn<\/td><td class=\"column-3\">Bidragskommitt\u00e9n<\/td>\n<\/tr>\n<tr class=\"row-29 odd\">\n\t<td class=\"column-1\"><\/td><td class=\"column-2\"><\/td><td class=\"column-3\"><\/td>\n<\/tr>\n<tr class=\"row-30 even\">\n\t<td class=\"column-1\"><strong>Januari<\/strong><\/td><td class=\"column-2\">12\/1 Medlemsm\u00f6te grp 2<\/td><td class=\"column-3\">Sekreterare\/President<\/td>\n<\/tr>\n<tr class=\"row-31 odd\">\n\t<td class=\"column-1\"><\/td><td class=\"column-2\">20\/1 Styrelsem\u00f6te<\/td><td class=\"column-3\">Sekreterare\/President<\/td>\n<\/tr>\n<tr class=\"row-32 even\">\n\t<td class=\"column-1\"><\/td><td class=\"column-2\">Ev. Hockeyresa (Lule\u00e5 eller Skellefte\u00e5)<\/td><td class=\"column-3\">Sekreterare\/President<\/td>\n<\/tr>\n<tr class=\"row-33 odd\">\n\t<td class=\"column-1\"><\/td><td class=\"column-2\"><\/td><td class=\"column-3\"><\/td>\n<\/tr>\n<tr class=\"row-34 even\">\n\t<td class=\"column-1\"><strong>Februari<\/strong><\/td><td class=\"column-2\">2\/2 Medlemsm\u00f6te grp 3<\/td><td class=\"column-3\">Sekreterare\/President<\/td>\n<\/tr>\n<tr class=\"row-35 odd\">\n\t<td class=\"column-1\"><\/td><td class=\"column-2\">17\/2 Styrelsem\u00f6te<\/td><td class=\"column-3\">Sekreterare\/President<\/td>\n<\/tr>\n<tr class=\"row-36 even\">\n\t<td class=\"column-1\"><\/td><td class=\"column-2\">F\u00f6rslag till ny styrelse<\/td><td class=\"column-3\">Nomineringskommitt\u00e9n<\/td>\n<\/tr>\n<tr class=\"row-37 odd\">\n\t<td class=\"column-1\"><\/td><td class=\"column-2\">F\u00f6rslag till revisorer<\/td><td class=\"column-3\">Nomineringskommitt\u00e9n<\/td>\n<\/tr>\n<tr class=\"row-38 even\">\n\t<td class=\"column-1\"><\/td><td class=\"column-2\">F\u00f6rslag till medelskommitt\u00e9n<\/td><td class=\"column-3\">Nomineringskommitt\u00e9n<\/td>\n<\/tr>\n<tr class=\"row-39 odd\">\n\t<td class=\"column-1\"><\/td><td class=\"column-2\">F\u00f6rslag till medlemsavgift 2025-2026<\/td><td class=\"column-3\">Kass\u00f6r<\/td>\n<\/tr>\n<tr class=\"row-40 even\">\n\t<td class=\"column-1\"><\/td><td class=\"column-2\"><\/td><td class=\"column-3\"><\/td>\n<\/tr>\n<tr class=\"row-41 odd\">\n\t<td class=\"column-1\"><strong>Mars<\/strong><\/td><td class=\"column-2\">2\/3 Medlemsm\u00f6te grp 1<\/td><td class=\"column-3\">Sekreterare\/President<\/td>\n<\/tr>\n<tr class=\"row-42 even\">\n\t<td class=\"column-1\"><\/td><td class=\"column-2\">16\/3 Styrelsem\u00f6te<\/td><td class=\"column-3\">Sekreterare\/president<\/td>\n<\/tr>\n<tr class=\"row-43 odd\">\n\t<td class=\"column-1\"><\/td><td class=\"column-2\">Val av styrelse<\/td><td class=\"column-3\">M\u00e5nadsm\u00f6tet<\/td>\n<\/tr>\n<tr class=\"row-44 even\">\n\t<td class=\"column-1\"><\/td><td class=\"column-2\">Val av revisorer<\/td><td class=\"column-3\">M\u00e5nadsm\u00f6tet<\/td>\n<\/tr>\n<tr class=\"row-45 odd\">\n\t<td class=\"column-1\"><\/td><td class=\"column-2\">Val av medelskommitt\u00e9n<\/td><td class=\"column-3\">M\u00e5nadsm\u00f6tet<\/td>\n<\/tr>\n<tr class=\"row-46 even\">\n\t<td class=\"column-1\"><\/td><td class=\"column-2\">Val av nomineringskommitt\u00e9n<\/td><td class=\"column-3\">M\u00e5nadsm\u00f6tet<\/td>\n<\/tr>\n<tr class=\"row-47 odd\">\n\t<td class=\"column-1\"><\/td><td class=\"column-2\">Rapportering av nya styrelsen<\/td><td class=\"column-3\">Regansvarig\/Sekreterare<\/td>\n<\/tr>\n<tr class=\"row-48 even\">\n\t<td class=\"column-1\"><\/td><td class=\"column-2\">Avgift f\u00f6r n\u00e4sta \u00e5r<\/td><td class=\"column-3\">M\u00e5nadsm\u00f6tet<\/td>\n<\/tr>\n<tr class=\"row-49 odd\">\n\t<td class=\"column-1\"><\/td><td class=\"column-2\"><\/td><td class=\"column-3\"><\/td>\n<\/tr>\n<tr class=\"row-50 even\">\n\t<td class=\"column-1\"><strong>April<\/strong><\/td><td class=\"column-2\">13\/4 Medlemsm\u00f6te grp 2<\/td><td class=\"column-3\">Sekreterare\/President<\/td>\n<\/tr>\n<tr class=\"row-51 odd\">\n\t<td class=\"column-1\"><\/td><td class=\"column-2\">20\/4 Styrelsem\u00f6te<\/td><td class=\"column-3\">Sekreterare\/President<\/td>\n<\/tr>\n<tr class=\"row-52 even\">\n\t<td class=\"column-1\"><\/td><td class=\"column-2\">Ev M\u00f6te med LC Pite\u00e5 Loppisinfo<\/td><td class=\"column-3\">LC Pite\u00e5\/\u00d6jebyn<\/td>\n<\/tr>\n<tr class=\"row-53 odd\">\n\t<td class=\"column-1\"><\/td><td class=\"column-2\">Distriktsm\u00f6te 101 N<\/td><td class=\"column-3\">DG\/ Styrelsen<\/td>\n<\/tr>\n<tr class=\"row-54 even\">\n\t<td class=\"column-1\"><\/td><td class=\"column-2\"><\/td><td class=\"column-3\"><\/td>\n<\/tr>\n<tr class=\"row-55 odd\">\n\t<td class=\"column-1\"><strong>Maj<\/strong><\/td><td class=\"column-2\">4\/5 Medlemsm\u00f6te grp 3<\/td><td class=\"column-3\">Sekreterare\/President<\/td>\n<\/tr>\n<tr class=\"row-56 even\">\n\t<td class=\"column-1\"><\/td><td class=\"column-2\">18\/5 Styrelsem\u00f6te<\/td><td class=\"column-3\">Sekreterare\/President<\/td>\n<\/tr>\n<tr class=\"row-57 odd\">\n\t<td class=\"column-1\"><\/td><td class=\"column-2\">Riksm\u00f6te <\/td><td class=\"column-3\">Pg President\/Styrelsen<\/td>\n<\/tr>\n<tr class=\"row-58 even\">\n\t<td class=\"column-1\"><\/td><td class=\"column-2\">R\u00e4tt uppgifter i medlemsmatrikeln<\/td><td class=\"column-3\">Registeransvarig<\/td>\n<\/tr>\n<tr class=\"row-59 odd\">\n\t<td class=\"column-1\"><\/td><td class=\"column-2\">Eventuellt Loppmarknad<\/td><td class=\"column-3\">Loppmarknadskommitt\u00e9n<\/td>\n<\/tr>\n<tr class=\"row-60 even\">\n\t<td class=\"column-1\"><\/td><td class=\"column-2\"><\/td><td class=\"column-3\"><\/td>\n<\/tr>\n<tr class=\"row-61 odd\">\n\t<td class=\"column-1\"><strong>Juni<\/strong><\/td><td class=\"column-2\">1\/6 Medlemsm\u00f6te\/byte av President grp 1<\/td><td class=\"column-3\">Sekreterare\/President<\/td>\n<\/tr>\n<tr class=\"row-62 even\">\n\t<td class=\"column-1\"><\/td><td class=\"column-2\">Budget admin. Kassan<\/td><td class=\"column-3\">M\u00e5nadsm\u00f6tet<\/td>\n<\/tr>\n<tr class=\"row-63 odd\">\n\t<td class=\"column-1\"><\/td><td class=\"column-2\">Sommaravslutning<\/td><td class=\"column-3\">Program\/Servicekomm.<\/td>\n<\/tr>\n<\/tbody>\n<\/table>\n<!-- #tablepress-3 from cache -->\n<!-- AddThis Advanced Settings generic via filter on the_content --><!-- AddThis Share Buttons generic via filter on the_content -->","protected":false},"excerpt":{"rendered":"<p>Verksamhetsplan 2025 &#8211; 2026 Lions Club Pite\u00e5\/\u00d6jebyn Lions syften. Att skapa och uppr\u00e4tth\u00e5lla en anda av samf\u00f6rst\u00e5nd mellan jordens folk. Att befr\u00e4mja god samh\u00e4llsanda. Att genom aktiva insatser bidra till en positiv samh\u00e4llsutveckling. Att f\u00f6rena medlemmar med band av v\u00e4nskap,<span class=\"ellipsis\">&hellip;<\/span><\/p>\n<div class=\"read-more\"><a href=\"http:\/\/pitea.lions.se\/p-o\/verksamhetsplan\/\">L\u00e4s mer &#8250;<\/a><\/div>\n<p><!-- end of .read-more --><!-- AddThis Advanced Settings generic via filter on get_the_excerpt --><!-- AddThis Share Buttons generic via filter on get_the_excerpt --><\/p>\n","protected":false},"author":1,"featured_media":0,"parent":0,"menu_order":0,"comment_status":"closed","ping_status":"closed","template":"full-width-page.php","meta":{"footnotes":""},"class_list":["post-341","page","type-page","status-publish","hentry"],"aioseo_notices":[],"_links":{"self":[{"href":"http:\/\/pitea.lions.se\/p-o\/wp-json\/wp\/v2\/pages\/341","targetHints":{"allow":["GET"]}}],"collection":[{"href":"http:\/\/pitea.lions.se\/p-o\/wp-json\/wp\/v2\/pages"}],"about":[{"href":"http:\/\/pitea.lions.se\/p-o\/wp-json\/wp\/v2\/types\/page"}],"author":[{"embeddable":true,"href":"http:\/\/pitea.lions.se\/p-o\/wp-json\/wp\/v2\/users\/1"}],"replies":[{"embeddable":true,"href":"http:\/\/pitea.lions.se\/p-o\/wp-json\/wp\/v2\/comments?post=341"}],"version-history":[{"count":6,"href":"http:\/\/pitea.lions.se\/p-o\/wp-json\/wp\/v2\/pages\/341\/revisions"}],"predecessor-version":[{"id":3333,"href":"http:\/\/pitea.lions.se\/p-o\/wp-json\/wp\/v2\/pages\/341\/revisions\/3333"}],"wp:attachment":[{"href":"http:\/\/pitea.lions.se\/p-o\/wp-json\/wp\/v2\/media?parent=341"}],"curies":[{"name":"wp","href":"https:\/\/api.w.org\/{rel}","templated":true}]}}