{"id":2888,"date":"2022-04-25T10:03:56","date_gmt":"2022-04-25T10:03:56","guid":{"rendered":"http:\/\/pitea.lions.se\/p-o\/?page_id=2888"},"modified":"2022-04-25T10:05:55","modified_gmt":"2022-04-25T10:05:55","slug":"lionspengar-satter-barnen-i-fokus","status":"publish","type":"page","link":"http:\/\/pitea.lions.se\/p-o\/lionspengar-satter-barnen-i-fokus\/","title":{"rendered":"Lionspengar s\u00e4tter barnen i fokus"},"content":{"rendered":"<p><img loading=\"lazy\" decoding=\"async\" class=\"aligncenter wp-image-2889\" src=\"http:\/\/pitea.lions.se\/p-o\/wp-content\/uploads\/2022\/04\/Lena-och-Anna-300x246.jpg\" alt=\"\" width=\"600\" height=\"492\" srcset=\"http:\/\/pitea.lions.se\/p-o\/wp-content\/uploads\/2022\/04\/Lena-och-Anna-300x246.jpg 300w, http:\/\/pitea.lions.se\/p-o\/wp-content\/uploads\/2022\/04\/Lena-och-Anna-768x629.jpg 768w, http:\/\/pitea.lions.se\/p-o\/wp-content\/uploads\/2022\/04\/Lena-och-Anna-100x82.jpg 100w, http:\/\/pitea.lions.se\/p-o\/wp-content\/uploads\/2022\/04\/Lena-och-Anna-150x123.jpg 150w, http:\/\/pitea.lions.se\/p-o\/wp-content\/uploads\/2022\/04\/Lena-och-Anna-200x164.jpg 200w, http:\/\/pitea.lions.se\/p-o\/wp-content\/uploads\/2022\/04\/Lena-och-Anna-450x369.jpg 450w, http:\/\/pitea.lions.se\/p-o\/wp-content\/uploads\/2022\/04\/Lena-och-Anna-600x492.jpg 600w, http:\/\/pitea.lions.se\/p-o\/wp-content\/uploads\/2022\/04\/Lena-och-Anna-900x738.jpg 900w, http:\/\/pitea.lions.se\/p-o\/wp-content\/uploads\/2022\/04\/Lena-och-Anna.jpg 1861w\" sizes=\"auto, (max-width: 600px) 100vw, 600px\" \/><\/p>\n<p><em>Diabetes, cancer, st\u00f6d vid sjukdom och funktionsvariationer, rehabilitering \u2026<\/em><\/p>\n<p><em>\u2013 Det \u00e4r viktigt att vi s\u00e4tter barnen i fokus, menar Lena Henriksson, ordf\u00f6rande f\u00f6r Lions Barnfond Hj\u00e4rtat i Pite\u00e5, som vid det senaste styrelsem\u00f6tet hade n\u00f6jet att \u00f6verr\u00e4cka en rej\u00e4l penningg\u00e5va till Barndiabetesfonden.<\/em><\/p>\n<p>Satsningar p\u00e5 forskning kring diabetes typ 1, barncancer och andra sjukdomar, \u00e4r st\u00e4ndigt n\u00e4rvarande i Lions verksamhet. Och engagemanget beh\u00f6vs f\u00f6r att fr\u00e4mja barnens livsbetingelser, dess framtida m\u00f6jligheter att delta i samh\u00e4llsgemenskapen.<\/p>\n<p>Ett av de omr\u00e5den som beh\u00f6ver st\u00f6d \u00e4r diabetesforskningen.<\/p>\n<p>\u2013 Idag insjuknar cirka 900 barn varje \u00e5r i landet i diabetes typ 1, och det \u00e4r enbart genom forskning vi kan l\u00f6sa g\u00e5tan med denna sjukdom, ber\u00e4ttade Anna Lundwall fr\u00e5n Barn-diabetesfondens lokalavdelning i Norrbotten, n\u00e4r hon g\u00e4stade Lions Barnfond Hj\u00e4rtat i Pite\u00e5 vid styrelsem\u00f6tet den 12 april.<\/p>\n<p><strong>G\u00e5vor till forskning<\/strong><\/p>\n<p>Hon informerade om dagens diabetesv\u00e5rd, problem och m\u00f6jligheter, och tog tacksamt emot en g\u00e5va p\u00e5 50\u00a0000 kronor fr\u00e5n Lions i Pite\u00e5.<\/p>\n<p>Vid styrelsem\u00f6tet \u00f6verl\u00e4mnades \u00e4ven en g\u00e5va p\u00e5 samma summa pengar, det vill s\u00e4ga 50\u00a0000 kronor, till Barncancerfonden.<\/p>\n<p>\u2013 Det k\u00e4nns onekligen v\u00e4ldigt bra att vi i Lions kan bidra till forskning p\u00e5 dessa omr\u00e5den, anser Lena Henriksson och ger en liten inblick i det arbete som bedrivs i den lokala fonden Lions Barnfond Hj\u00e4rtat.<\/p>\n<p><strong>Brett behovsomr\u00e5de<\/strong><\/p>\n<p>\u2013 Barnfondens arbete avser fr\u00e4mst att st\u00f6dja barn och ungdomar med sjukdom och funktions-variation i Pite\u00e5 kommun. Fonden kan ocks\u00e5 st\u00f6dja Barndiabetesfonden\u00a0och Barncancer-fonden samt st\u00f6d f\u00f6r att \u00f6ka trivsel och rehabilitering\u00a0p\u00e5 v\u00e5ra sjukhus i Pite\u00e5, Sunderbyn och Universitetssjukhuset i Ume\u00e5.<\/p>\n<p>\u2013 Det \u00e4r, som synes, ett omfattande behovsomr\u00e5de, och fr\u00e5n Lions f\u00f6rs\u00f6ker vi hj\u00e4lpa till med det st\u00f6d vi f\u00f6rm\u00e5r och d\u00e4r v\u00e5ra barn ovillkorligen finns i fokus.<\/p>\n<p><strong>Staffan Johansson<\/strong><\/p>\n<p><img loading=\"lazy\" decoding=\"async\" class=\"aligncenter wp-image-2890 size-medium\" src=\"http:\/\/pitea.lions.se\/p-o\/wp-content\/uploads\/2022\/04\/Barncancer-300x226.jpg\" alt=\"\" width=\"300\" height=\"226\" srcset=\"http:\/\/pitea.lions.se\/p-o\/wp-content\/uploads\/2022\/04\/Barncancer-300x226.jpg 300w, http:\/\/pitea.lions.se\/p-o\/wp-content\/uploads\/2022\/04\/Barncancer-768x578.jpg 768w, http:\/\/pitea.lions.se\/p-o\/wp-content\/uploads\/2022\/04\/Barncancer-100x75.jpg 100w, http:\/\/pitea.lions.se\/p-o\/wp-content\/uploads\/2022\/04\/Barncancer-150x113.jpg 150w, http:\/\/pitea.lions.se\/p-o\/wp-content\/uploads\/2022\/04\/Barncancer-200x150.jpg 200w, http:\/\/pitea.lions.se\/p-o\/wp-content\/uploads\/2022\/04\/Barncancer-450x339.jpg 450w, http:\/\/pitea.lions.se\/p-o\/wp-content\/uploads\/2022\/04\/Barncancer-600x451.jpg 600w, http:\/\/pitea.lions.se\/p-o\/wp-content\/uploads\/2022\/04\/Barncancer-900x677.jpg 900w, http:\/\/pitea.lions.se\/p-o\/wp-content\/uploads\/2022\/04\/Barncancer.jpg 1179w\" sizes=\"auto, (max-width: 300px) 100vw, 300px\" \/><\/p>\n<!-- AddThis Advanced Settings generic via filter on the_content --><!-- AddThis Share Buttons generic via filter on the_content -->","protected":false},"excerpt":{"rendered":"<p>Diabetes, cancer, st\u00f6d vid sjukdom och funktionsvariationer, rehabilitering \u2026 \u2013 Det \u00e4r viktigt att vi s\u00e4tter barnen i fokus, menar Lena Henriksson, ordf\u00f6rande f\u00f6r Lions Barnfond Hj\u00e4rtat i Pite\u00e5, som vid det senaste styrelsem\u00f6tet hade n\u00f6jet att \u00f6verr\u00e4cka en rej\u00e4l<span class=\"ellipsis\">&hellip;<\/span><\/p>\n<div class=\"read-more\"><a href=\"http:\/\/pitea.lions.se\/p-o\/lionspengar-satter-barnen-i-fokus\/\">L\u00e4s mer &#8250;<\/a><\/div>\n<p><!-- end of .read-more --><!-- AddThis Advanced Settings generic via filter on get_the_excerpt --><!-- AddThis Share Buttons generic via filter on get_the_excerpt --><\/p>\n","protected":false},"author":2,"featured_media":0,"parent":0,"menu_order":0,"comment_status":"closed","ping_status":"closed","template":"","meta":{"footnotes":""},"class_list":["post-2888","page","type-page","status-publish","hentry"],"aioseo_notices":[],"_links":{"self":[{"href":"http:\/\/pitea.lions.se\/p-o\/wp-json\/wp\/v2\/pages\/2888","targetHints":{"allow":["GET"]}}],"collection":[{"href":"http:\/\/pitea.lions.se\/p-o\/wp-json\/wp\/v2\/pages"}],"about":[{"href":"http:\/\/pitea.lions.se\/p-o\/wp-json\/wp\/v2\/types\/page"}],"author":[{"embeddable":true,"href":"http:\/\/pitea.lions.se\/p-o\/wp-json\/wp\/v2\/users\/2"}],"replies":[{"embeddable":true,"href":"http:\/\/pitea.lions.se\/p-o\/wp-json\/wp\/v2\/comments?post=2888"}],"version-history":[{"count":4,"href":"http:\/\/pitea.lions.se\/p-o\/wp-json\/wp\/v2\/pages\/2888\/revisions"}],"predecessor-version":[{"id":2894,"href":"http:\/\/pitea.lions.se\/p-o\/wp-json\/wp\/v2\/pages\/2888\/revisions\/2894"}],"wp:attachment":[{"href":"http:\/\/pitea.lions.se\/p-o\/wp-json\/wp\/v2\/media?parent=2888"}],"curies":[{"name":"wp","href":"https:\/\/api.w.org\/{rel}","templated":true}]}}