{"id":2703,"date":"2021-10-20T13:20:19","date_gmt":"2021-10-20T13:20:19","guid":{"rendered":"http:\/\/pitea.lions.se\/p-o\/?page_id=2703"},"modified":"2021-11-24T09:25:02","modified_gmt":"2021-11-24T09:25:02","slug":"presidenten-blickar-tillbaka-och-ser-framat","status":"publish","type":"page","link":"http:\/\/pitea.lions.se\/p-o\/presidenten-blickar-tillbaka-och-ser-framat\/","title":{"rendered":"Presidenten blickar tillbaka \u2013 och ser fram\u00e5t"},"content":{"rendered":"<div id=\"attachment_2756\" style=\"width: 310px\" class=\"wp-caption alignright\"><img loading=\"lazy\" decoding=\"async\" aria-describedby=\"caption-attachment-2756\" class=\"wp-image-2756 size-medium\" src=\"http:\/\/pitea.lions.se\/p-o\/wp-content\/uploads\/2021\/11\/IMG_0868-Bild-Bengt-Sture-Ska\u030anehult-300x289.jpg\" alt=\"\" width=\"300\" height=\"289\" srcset=\"http:\/\/pitea.lions.se\/p-o\/wp-content\/uploads\/2021\/11\/IMG_0868-Bild-Bengt-Sture-Ska\u030anehult-300x289.jpg 300w, http:\/\/pitea.lions.se\/p-o\/wp-content\/uploads\/2021\/11\/IMG_0868-Bild-Bengt-Sture-Ska\u030anehult-768x741.jpg 768w, http:\/\/pitea.lions.se\/p-o\/wp-content\/uploads\/2021\/11\/IMG_0868-Bild-Bengt-Sture-Ska\u030anehult-100x96.jpg 100w, http:\/\/pitea.lions.se\/p-o\/wp-content\/uploads\/2021\/11\/IMG_0868-Bild-Bengt-Sture-Ska\u030anehult-150x145.jpg 150w, http:\/\/pitea.lions.se\/p-o\/wp-content\/uploads\/2021\/11\/IMG_0868-Bild-Bengt-Sture-Ska\u030anehult-200x193.jpg 200w, http:\/\/pitea.lions.se\/p-o\/wp-content\/uploads\/2021\/11\/IMG_0868-Bild-Bengt-Sture-Ska\u030anehult-450x434.jpg 450w, http:\/\/pitea.lions.se\/p-o\/wp-content\/uploads\/2021\/11\/IMG_0868-Bild-Bengt-Sture-Ska\u030anehult-600x579.jpg 600w, http:\/\/pitea.lions.se\/p-o\/wp-content\/uploads\/2021\/11\/IMG_0868-Bild-Bengt-Sture-Ska\u030anehult-900x868.jpg 900w\" sizes=\"auto, (max-width: 300px) 100vw, 300px\" \/><p id=\"caption-attachment-2756\" class=\"wp-caption-text\">Bengt-Sture Sk\u00e5nehult<\/p><\/div>\n<p>Verksamhets\u00e5ret 2020-2021 pr\u00e4glades inledningsvis av oro och j\u00e4mmerdal f\u00f6r att senare \u00f6verg\u00e5 till hopp och m\u00f6jligheter. Oron har pr\u00e4glats av den v\u00e4rldsomsp\u00e4nnande pandemin och Folkh\u00e4lsomyndighetens restriktioner, vilket begr\u00e4nsat hj\u00e4lporganisationernas m\u00f6jligheter att genomf\u00f6ra traditionella aktiviteter och hj\u00e4lpinsatser. Till de traditionella aktiviteter som vi inte kunnat genomf\u00f6ra h\u00f6r Julmarknaden i Sm\u00e5staden, M\u00f6belloppis p\u00e5 Bilbolaget och v\u00e5r Stora Loppmarknad. Trots detta s\u00e5 har vi kunnat uppfylla stora delar av v\u00e5r str\u00e4van att kunna hj\u00e4lpa beh\u00f6vande, tack vare g\u00e5vor och bidrag fr\u00e5n f\u00f6retag och privatpersoner.<\/p>\n<p><strong>Julgodis i olika former<\/strong><\/p>\n<p>Vi har sk\u00e4nkt cirka 600 lussebullar till \u00e4ldreboendena i Pite\u00e5. Inf\u00f6r julhelgen har pengag\u00e5vor som kommit in omvandlats till presentkort motsvarande 40 000 kronor, som genom kommunens f\u00f6rsorg f\u00f6rmedlats till beh\u00f6vande. Julklappar fr\u00e5n Lekia, Pite Havsbad och f\u00f6retagen i Sm\u00e5staden, har packats av medlemmarna. D\u00e4refter har julklapparna levererats genom bidragskommitt\u00e9ns f\u00f6rsorg i de b\u00e5da klubbarna. En del julklappar har \u00e4ven \u00f6verl\u00e4mnats till Pite\u00e5 f\u00f6rsamling, att f\u00f6rdelas till beh\u00f6vande. D\u00e4rut\u00f6ver har vi sk\u00e4nkt 50\u00a0000 kronor till Lions Cancerforskningsfond i Norr.<\/p>\n<p>Bidragskommitt\u00e9n har under p\u00e5g\u00e5ende pandemi i vanlig ordning behandlat inkomna bidragsans\u00f6kningar. Omfattningen har varit tv\u00e5 till tre ans\u00f6kningar varje m\u00e5nad.<\/p>\n<p><strong>Miljonbidrag<\/strong><\/p>\n<p>L\u00e5t mig \u00e4ven n\u00e4mna Lions Barnfond Hj\u00e4rtat, en fond vars syfte \u00e4r att ekonomiskt st\u00f6dja sjuka barn samt barn och ungdomar med funktionsvariationer, bosatta inom Pite\u00e5 Kommun. De b\u00e5da klubbarna i Pite\u00e5 st\u00e5r som huvudman f\u00f6r fonden som startade 2003 och den har genom \u00e5ren l\u00e4mnat ca 2,6 miljoner kronor i bidrag till s\u00e5v\u00e4l privatpersoner som till organisationer.<\/p>\n<p>Under de tv\u00e5 senaste \u00e5ren har Barndiabetesfonden f\u00e5tt 80\u00a0000 kr och Barncancerfonden 20\u00a0000 kr.<\/p>\n<p><strong>Blickar fram\u00e5t<\/strong><\/p>\n<p>Nu \u00e4r det tid att blicka fram\u00e5t. N\u00f6jda med vad vi \u00e5stadkommit under den sv\u00e5ra pandemitiden, ser vi framtiden an med stor tillf\u00f6rsikt. Vi tr\u00e4ffas, vi diskuterar och vi spanar efter aktiviteter som kan bidra till att lindra n\u00f6d och sv\u00e5righeter i v\u00e5r n\u00e4rhet och i p\u00e5 andra h\u00e5ll i v\u00e4rlden. Och som, inte minst, \u00e4ven kan leda till framsteg f\u00f6r forskningen inom olika omr\u00e5den.<\/p>\n<p>Till sist vill jag tacka Er alla &#8211; f\u00f6retag och privatpersoner &#8211; som gjort det m\u00f6jligt att uppfylla v\u00e5rt m\u00e5l, att hj\u00e4lpa beh\u00f6vande: lokalt, nationellt och internationellt.<\/p>\n<p>Bengt-Sture Sk\u00e5nehult<br \/>\nPresident<br \/>\nLions Club Pite\u00e5\/\u00d6jebyn<\/p>\n<!-- AddThis Advanced Settings generic via filter on the_content --><!-- AddThis Share Buttons generic via filter on the_content -->","protected":false},"excerpt":{"rendered":"<p>Verksamhets\u00e5ret 2020-2021 pr\u00e4glades inledningsvis av oro och j\u00e4mmerdal f\u00f6r att senare \u00f6verg\u00e5 till hopp och m\u00f6jligheter. Oron har pr\u00e4glats av den v\u00e4rldsomsp\u00e4nnande pandemin och Folkh\u00e4lsomyndighetens restriktioner, vilket begr\u00e4nsat hj\u00e4lporganisationernas m\u00f6jligheter att genomf\u00f6ra traditionella aktiviteter och hj\u00e4lpinsatser. Till de traditionella aktiviteter<span class=\"ellipsis\">&hellip;<\/span><\/p>\n<div class=\"read-more\"><a href=\"http:\/\/pitea.lions.se\/p-o\/presidenten-blickar-tillbaka-och-ser-framat\/\">L\u00e4s mer &#8250;<\/a><\/div>\n<p><!-- end of .read-more --><!-- AddThis Advanced Settings generic via filter on get_the_excerpt --><!-- AddThis Share Buttons generic via filter on get_the_excerpt --><\/p>\n","protected":false},"author":2,"featured_media":0,"parent":0,"menu_order":0,"comment_status":"closed","ping_status":"closed","template":"","meta":{"footnotes":""},"class_list":["post-2703","page","type-page","status-publish","hentry"],"aioseo_notices":[],"_links":{"self":[{"href":"http:\/\/pitea.lions.se\/p-o\/wp-json\/wp\/v2\/pages\/2703","targetHints":{"allow":["GET"]}}],"collection":[{"href":"http:\/\/pitea.lions.se\/p-o\/wp-json\/wp\/v2\/pages"}],"about":[{"href":"http:\/\/pitea.lions.se\/p-o\/wp-json\/wp\/v2\/types\/page"}],"author":[{"embeddable":true,"href":"http:\/\/pitea.lions.se\/p-o\/wp-json\/wp\/v2\/users\/2"}],"replies":[{"embeddable":true,"href":"http:\/\/pitea.lions.se\/p-o\/wp-json\/wp\/v2\/comments?post=2703"}],"version-history":[{"count":5,"href":"http:\/\/pitea.lions.se\/p-o\/wp-json\/wp\/v2\/pages\/2703\/revisions"}],"predecessor-version":[{"id":2758,"href":"http:\/\/pitea.lions.se\/p-o\/wp-json\/wp\/v2\/pages\/2703\/revisions\/2758"}],"wp:attachment":[{"href":"http:\/\/pitea.lions.se\/p-o\/wp-json\/wp\/v2\/media?parent=2703"}],"curies":[{"name":"wp","href":"https:\/\/api.w.org\/{rel}","templated":true}]}}