{"id":2523,"date":"2020-10-20T06:31:45","date_gmt":"2020-10-20T06:31:45","guid":{"rendered":"http:\/\/pitea.lions.se\/p-o\/?page_id=2523"},"modified":"2020-10-20T06:31:45","modified_gmt":"2020-10-20T06:31:45","slug":"tack-for-ert-lokala-engagemang-lions","status":"publish","type":"page","link":"http:\/\/pitea.lions.se\/p-o\/tack-for-ert-lokala-engagemang-lions\/","title":{"rendered":"Tack f\u00f6r ert lokala engagemang Lions!"},"content":{"rendered":"<p dir=\"ltr\">Vi p\u00e5 PiteEnergi forts\u00e4tter arbeta mot v\u00e5r vision om att uppfattas som v\u00e4rldens lokalaste energibolag &#8211; som m\u00f6jligg\u00f6r h\u00e5llbar utveckling\u00a0 i regionen. H\u00e5llbarhetsfr\u00e5gorna blir allt viktigare i v\u00e5rt samh\u00e4lle och genom att \u00f6ka v\u00e5rt fokus p\u00e5 social, ekonomisk och ekologisk h\u00e5llbarhet vill vi p\u00e5 PiteEnergi ta v\u00e5rt ansvar och bidra inom de omr\u00e5den d\u00e4r vi kan g\u00f6ra skillnad.<\/p>\n<!-- AddThis Advanced Settings generic via filter on the_content --><!-- AddThis Share Buttons generic via filter on the_content -->","protected":false},"excerpt":{"rendered":"<p>Vi p\u00e5 PiteEnergi forts\u00e4tter arbeta mot v\u00e5r vision om att uppfattas som v\u00e4rldens lokalaste energibolag &#8211; som m\u00f6jligg\u00f6r h\u00e5llbar utveckling\u00a0 i regionen. H\u00e5llbarhetsfr\u00e5gorna blir allt viktigare i v\u00e5rt samh\u00e4lle och genom att \u00f6ka v\u00e5rt fokus p\u00e5 social, ekonomisk och ekologisk<span class=\"ellipsis\">&hellip;<\/span><\/p>\n<div class=\"read-more\"><a href=\"http:\/\/pitea.lions.se\/p-o\/tack-for-ert-lokala-engagemang-lions\/\">L\u00e4s mer &#8250;<\/a><\/div>\n<p><!-- end of .read-more --><!-- AddThis Advanced Settings generic via filter on get_the_excerpt --><!-- AddThis Share Buttons generic via filter on get_the_excerpt --><\/p>\n","protected":false},"author":2,"featured_media":0,"parent":0,"menu_order":0,"comment_status":"closed","ping_status":"closed","template":"","meta":{"footnotes":""},"class_list":["post-2523","page","type-page","status-publish","hentry"],"aioseo_notices":[],"_links":{"self":[{"href":"http:\/\/pitea.lions.se\/p-o\/wp-json\/wp\/v2\/pages\/2523","targetHints":{"allow":["GET"]}}],"collection":[{"href":"http:\/\/pitea.lions.se\/p-o\/wp-json\/wp\/v2\/pages"}],"about":[{"href":"http:\/\/pitea.lions.se\/p-o\/wp-json\/wp\/v2\/types\/page"}],"author":[{"embeddable":true,"href":"http:\/\/pitea.lions.se\/p-o\/wp-json\/wp\/v2\/users\/2"}],"replies":[{"embeddable":true,"href":"http:\/\/pitea.lions.se\/p-o\/wp-json\/wp\/v2\/comments?post=2523"}],"version-history":[{"count":1,"href":"http:\/\/pitea.lions.se\/p-o\/wp-json\/wp\/v2\/pages\/2523\/revisions"}],"predecessor-version":[{"id":2524,"href":"http:\/\/pitea.lions.se\/p-o\/wp-json\/wp\/v2\/pages\/2523\/revisions\/2524"}],"wp:attachment":[{"href":"http:\/\/pitea.lions.se\/p-o\/wp-json\/wp\/v2\/media?parent=2523"}],"curies":[{"name":"wp","href":"https:\/\/api.w.org\/{rel}","templated":true}]}}