{"id":2159,"date":"2019-03-06T15:13:49","date_gmt":"2019-03-06T15:13:49","guid":{"rendered":"http:\/\/pitea.lions.se\/p-o\/?page_id=2159"},"modified":"2019-03-06T15:13:49","modified_gmt":"2019-03-06T15:13:49","slug":"tommy-sundqvist","status":"publish","type":"page","link":"http:\/\/pitea.lions.se\/p-o\/tommy-sundqvist\/","title":{"rendered":"Tommy Sundqvist"},"content":{"rendered":"<p><strong>Medlemspresentation<img loading=\"lazy\" decoding=\"async\" class=\"alignright wp-image-2160 size-medium\" src=\"http:\/\/pitea.lions.se\/p-o\/wp-content\/uploads\/2019\/03\/Tommy_Lions-215x300.jpg\" alt=\"\" width=\"215\" height=\"300\" srcset=\"http:\/\/pitea.lions.se\/p-o\/wp-content\/uploads\/2019\/03\/Tommy_Lions-215x300.jpg 215w, http:\/\/pitea.lions.se\/p-o\/wp-content\/uploads\/2019\/03\/Tommy_Lions-100x139.jpg 100w, http:\/\/pitea.lions.se\/p-o\/wp-content\/uploads\/2019\/03\/Tommy_Lions-150x209.jpg 150w, http:\/\/pitea.lions.se\/p-o\/wp-content\/uploads\/2019\/03\/Tommy_Lions-200x279.jpg 200w, http:\/\/pitea.lions.se\/p-o\/wp-content\/uploads\/2019\/03\/Tommy_Lions.jpg 218w\" sizes=\"auto, (max-width: 215px) 100vw, 215px\" \/><\/strong><\/p>\n<p><strong>Namn<\/strong>: Tommy Sundqvist<\/p>\n<p><strong>\u00c5lder<\/strong>: 65 \u00e5r<\/p>\n<p><strong>Blev medlem \u00e5r<\/strong>: 2004<\/p>\n<p><strong>Varf\u00f6r valde du att g\u00e5 med i Lions?<\/strong><\/p>\n<p>Arbetade p\u00e5 Polarbr\u00f6d och fick m\u00e5nga f\u00f6rfr\u00e5gningar om st\u00f6d och sponsring av olika ideella verksamheter. Efter att ha tittat n\u00e4rmare p\u00e5 dessa, konstaterade jag att Lions s\u00e4tt att arbeta k\u00e4ndes r\u00e4tt. Detta f\u00f6r att n\u00e4stan alla medel som Lions fick in delades ut. D\u00e4rf\u00f6r beslutade jag mig f\u00f6r att g\u00e5 med och bidra till det fina arbetet.<\/p>\n<p><strong>Dina erfarenheter hittills?<\/strong><\/p>\n<p>Fantastiskt! Ett gott kamratskap och att se hur m\u00e5nga som p\u00e5 olika s\u00e4tt har f\u00e5tt hj\u00e4lp genom \u00e5ren.<\/p>\n<p><strong>N\u00e5got Lionsengagemang som du tycker k\u00e4nns speciellt v\u00e4rdefullt?<\/strong><\/p>\n<p>Arbetet med Lions barnfond.<\/p>\n<p><strong>Hur ser du p\u00e5 rekryteringen, och kanske f\u00f6ryngringen, av nya medlemmar?<\/strong><\/p>\n<p>Under de senaste \u00e5ren har vi haft ett bra tillskott p\u00e5 medlemssidan, och av dessa en del yngre.<\/p>\n<p><strong>Hur ska fler kvinnor lockas att bli medlemmar i Lions?<\/strong><\/p>\n<p>Marknadsf\u00f6ring mun till mun \u00e4r oslagbart b\u00e4st.<\/p>\n<p><strong>Fritidsengagemang ut\u00f6ver Lions?<\/strong><\/p>\n<p>Umg\u00e5s med barn och barnbarn. Motion i olika former. Engagerad i Brottsofferjouren i Pite\u00e5 \u00e4lvdal, och ser p\u00e5 idrott i olika former, s\u00e5v\u00e4l p\u00e5 TV som p\u00e5 arenor. Resor i Sverige och utlandet.<\/p>\n<p><strong>N\u00e4mn n\u00e5got som g\u00f6r dig extra glad?<\/strong><\/p>\n<p>D\u00e5 vi delat ut bidrag fr\u00e5n Lions och f\u00e5r \u00e5terkoppling i form av gl\u00e4dje fr\u00e5n dem som f\u00e5tt bidragen.<\/p>\n<p><strong>\u00c5rstid som du gillar?<\/strong><\/p>\n<p>Sommaren och att f\u00e5 vistas i stugan.<\/p>\n<!-- AddThis Advanced Settings generic via filter on the_content --><!-- AddThis Share Buttons generic via filter on the_content -->","protected":false},"excerpt":{"rendered":"<p>Medlemspresentation Namn: Tommy Sundqvist \u00c5lder: 65 \u00e5r Blev medlem \u00e5r: 2004 Varf\u00f6r valde du att g\u00e5 med i Lions? Arbetade p\u00e5 Polarbr\u00f6d och fick m\u00e5nga f\u00f6rfr\u00e5gningar om st\u00f6d och sponsring av olika ideella verksamheter. Efter att ha tittat n\u00e4rmare p\u00e5<span class=\"ellipsis\">&hellip;<\/span><\/p>\n<div class=\"read-more\"><a href=\"http:\/\/pitea.lions.se\/p-o\/tommy-sundqvist\/\">L\u00e4s mer &#8250;<\/a><\/div>\n<p><!-- end of .read-more --><!-- AddThis Advanced Settings generic via filter on get_the_excerpt --><!-- AddThis Share Buttons generic via filter on get_the_excerpt --><\/p>\n","protected":false},"author":2,"featured_media":0,"parent":0,"menu_order":0,"comment_status":"closed","ping_status":"closed","template":"","meta":{"footnotes":""},"class_list":["post-2159","page","type-page","status-publish","hentry"],"aioseo_notices":[],"_links":{"self":[{"href":"http:\/\/pitea.lions.se\/p-o\/wp-json\/wp\/v2\/pages\/2159","targetHints":{"allow":["GET"]}}],"collection":[{"href":"http:\/\/pitea.lions.se\/p-o\/wp-json\/wp\/v2\/pages"}],"about":[{"href":"http:\/\/pitea.lions.se\/p-o\/wp-json\/wp\/v2\/types\/page"}],"author":[{"embeddable":true,"href":"http:\/\/pitea.lions.se\/p-o\/wp-json\/wp\/v2\/users\/2"}],"replies":[{"embeddable":true,"href":"http:\/\/pitea.lions.se\/p-o\/wp-json\/wp\/v2\/comments?post=2159"}],"version-history":[{"count":1,"href":"http:\/\/pitea.lions.se\/p-o\/wp-json\/wp\/v2\/pages\/2159\/revisions"}],"predecessor-version":[{"id":2161,"href":"http:\/\/pitea.lions.se\/p-o\/wp-json\/wp\/v2\/pages\/2159\/revisions\/2161"}],"wp:attachment":[{"href":"http:\/\/pitea.lions.se\/p-o\/wp-json\/wp\/v2\/media?parent=2159"}],"curies":[{"name":"wp","href":"https:\/\/api.w.org\/{rel}","templated":true}]}}