{"id":2156,"date":"2019-03-06T15:11:42","date_gmt":"2019-03-06T15:11:42","guid":{"rendered":"http:\/\/pitea.lions.se\/p-o\/?page_id=2156"},"modified":"2019-03-06T15:11:42","modified_gmt":"2019-03-06T15:11:42","slug":"margit-lindqvist","status":"publish","type":"page","link":"http:\/\/pitea.lions.se\/p-o\/margit-lindqvist\/","title":{"rendered":"Margit Lindqvist"},"content":{"rendered":"<p><strong>Medlemspresentation<\/strong><strong>\u00a0<img loading=\"lazy\" decoding=\"async\" class=\"alignright wp-image-2157 size-medium\" src=\"http:\/\/pitea.lions.se\/p-o\/wp-content\/uploads\/2019\/03\/Margit_Lindqvist-300x300.jpg\" alt=\"\" width=\"300\" height=\"300\" srcset=\"http:\/\/pitea.lions.se\/p-o\/wp-content\/uploads\/2019\/03\/Margit_Lindqvist-300x300.jpg 300w, http:\/\/pitea.lions.se\/p-o\/wp-content\/uploads\/2019\/03\/Margit_Lindqvist-150x150.jpg 150w, http:\/\/pitea.lions.se\/p-o\/wp-content\/uploads\/2019\/03\/Margit_Lindqvist-768x768.jpg 768w, http:\/\/pitea.lions.se\/p-o\/wp-content\/uploads\/2019\/03\/Margit_Lindqvist-100x100.jpg 100w, http:\/\/pitea.lions.se\/p-o\/wp-content\/uploads\/2019\/03\/Margit_Lindqvist-200x200.jpg 200w, http:\/\/pitea.lions.se\/p-o\/wp-content\/uploads\/2019\/03\/Margit_Lindqvist-450x450.jpg 450w, http:\/\/pitea.lions.se\/p-o\/wp-content\/uploads\/2019\/03\/Margit_Lindqvist-600x600.jpg 600w, http:\/\/pitea.lions.se\/p-o\/wp-content\/uploads\/2019\/03\/Margit_Lindqvist-900x900.jpg 900w, http:\/\/pitea.lions.se\/p-o\/wp-content\/uploads\/2019\/03\/Margit_Lindqvist.jpg 1267w\" sizes=\"auto, (max-width: 300px) 100vw, 300px\" \/><\/strong><\/p>\n<p><strong>Namn: <\/strong>Margit Lindqvist<\/p>\n<p><strong>\u00c5lder: <\/strong>74 \u00e5r<\/p>\n<p><strong>Blev medlem \u00e5r: <\/strong>2008<\/p>\n<p><strong>Varf\u00f6r valde du att g\u00e5 med i Lions?<\/strong><\/p>\n<p>Blev tillfr\u00e5gad. Eftersom Lions m\u00e5ls\u00e4ttning st\u00e4mmer med mina v\u00e4rderingar k\u00e4ndes det naturligt att bli med. En ny social gemenskap efter pension.<\/p>\n<p><strong>Dina erfarenheter hittills? <\/strong><\/p>\n<p>Det k\u00e4nns bra att aktivt arbeta, framf\u00f6r allt\u00a0med Julmarknad\u00a0och V\u00e5rloppis f\u00f6r\u00a0barnfonden.<\/p>\n<p><strong>N\u00e5got Lions engagemang som du tycker k\u00e4nns speciellt v\u00e4rdefullt? <\/strong><\/p>\n<p>Utvecklingen av Lions barnfond.<\/p>\n<p><strong>Hur ser du p\u00e5 rekryteringen, och kanske f\u00f6ryngringen, av nya medlemmar?<\/strong><\/p>\n<p>H\u00e4r tror jag p\u00e5 personliga m\u00f6ten och t\u00e5lmodigt arbete.<\/p>\n<p><strong>Hur ska fler kvinnor lockas att bli medlemmar i Lions? <\/strong><\/p>\n<p>Vi kvinnor m\u00e5ste vara aktivare, kanske visa oss mer vid aktiviteter p\u00e5 stan.<\/p>\n<p><strong>Fritidsengagemang ut\u00f6ver Lions? <\/strong><\/p>\n<p>Deltar i bokcirkel. Aktiv i en loge. Vattengymnastik.<\/p>\n<p><strong>N\u00e4mn n\u00e5got som g\u00f6r dig extra glad? <\/strong><\/p>\n<p>Att umg\u00e5s med v\u00e4nner.<\/p>\n<p><strong>\u00c5rstid som du gillar? <\/strong><\/p>\n<p>Framf\u00f6r allt v\u00e5rvintern p\u00e5 N\u00f6rdfj\u00e4rden och somrarna i tr\u00e4dg\u00e5rden\u00a0i \u00c5byn.<\/p>\n<!-- AddThis Advanced Settings generic via filter on the_content --><!-- AddThis Share Buttons generic via filter on the_content -->","protected":false},"excerpt":{"rendered":"<p>Medlemspresentation\u00a0 Namn: Margit Lindqvist \u00c5lder: 74 \u00e5r Blev medlem \u00e5r: 2008 Varf\u00f6r valde du att g\u00e5 med i Lions? Blev tillfr\u00e5gad. Eftersom Lions m\u00e5ls\u00e4ttning st\u00e4mmer med mina v\u00e4rderingar k\u00e4ndes det naturligt att bli med. En ny social gemenskap efter pension.<span class=\"ellipsis\">&hellip;<\/span><\/p>\n<div class=\"read-more\"><a href=\"http:\/\/pitea.lions.se\/p-o\/margit-lindqvist\/\">L\u00e4s mer &#8250;<\/a><\/div>\n<p><!-- end of .read-more --><!-- AddThis Advanced Settings generic via filter on get_the_excerpt --><!-- AddThis Share Buttons generic via filter on get_the_excerpt --><\/p>\n","protected":false},"author":2,"featured_media":0,"parent":0,"menu_order":0,"comment_status":"closed","ping_status":"closed","template":"","meta":{"footnotes":""},"class_list":["post-2156","page","type-page","status-publish","hentry"],"aioseo_notices":[],"_links":{"self":[{"href":"http:\/\/pitea.lions.se\/p-o\/wp-json\/wp\/v2\/pages\/2156","targetHints":{"allow":["GET"]}}],"collection":[{"href":"http:\/\/pitea.lions.se\/p-o\/wp-json\/wp\/v2\/pages"}],"about":[{"href":"http:\/\/pitea.lions.se\/p-o\/wp-json\/wp\/v2\/types\/page"}],"author":[{"embeddable":true,"href":"http:\/\/pitea.lions.se\/p-o\/wp-json\/wp\/v2\/users\/2"}],"replies":[{"embeddable":true,"href":"http:\/\/pitea.lions.se\/p-o\/wp-json\/wp\/v2\/comments?post=2156"}],"version-history":[{"count":1,"href":"http:\/\/pitea.lions.se\/p-o\/wp-json\/wp\/v2\/pages\/2156\/revisions"}],"predecessor-version":[{"id":2158,"href":"http:\/\/pitea.lions.se\/p-o\/wp-json\/wp\/v2\/pages\/2156\/revisions\/2158"}],"wp:attachment":[{"href":"http:\/\/pitea.lions.se\/p-o\/wp-json\/wp\/v2\/media?parent=2156"}],"curies":[{"name":"wp","href":"https:\/\/api.w.org\/{rel}","templated":true}]}}