{"id":1757,"date":"2018-03-19T16:46:04","date_gmt":"2018-03-19T16:46:04","guid":{"rendered":"http:\/\/pitea.lions.se\/p-o\/?page_id=1757"},"modified":"2024-09-05T07:08:39","modified_gmt":"2024-09-05T07:08:39","slug":"historia","status":"publish","type":"page","link":"http:\/\/pitea.lions.se\/p-o\/historia\/","title":{"rendered":"Historia"},"content":{"rendered":"<p><strong>LC PITE\u00c5\/\u00d6JEBYN 1988 \u2013 2022<\/strong><\/p>\n<p>6-7 herrar ville bli medlemmar i Lions men ans\u00e5g att den Lions Club som fanns i Pite\u00e5,<br \/>\nLC Pite\u00e5, var f\u00f6r m\u00e5nga medlemmar<\/p>\n<p><strong>1988<\/strong> 15 mars bildades LC Pite\u00e5\/\u00d6jebyn med 22 medlemmar. Fadder Club LC Pite\u00e5<br \/>\nKlubbens namn blev Pite\u00e5\/\u00d6jebyn d\u00e4rf\u00f6r att medlemmarna var fr\u00e5n Pite\u00e5 och \u00d6jebyn.<br \/>\nKlubbens f\u00f6rste president var Ingvar Ellnestam. Av de 22 charter medlemmar som var<br \/>\nmed vid bildandet av klubben finns fortfarande fyra kvar Ingvar Ellnestam,<br \/>\nKarl-Gustaf N\u00e4sstr\u00f6m, Tore Lundberg samt Bo Jonsson<\/p>\n<p><strong>1990<\/strong>\u00a0Pite\u00e5\/\u00d6jebyn arrangerade tillsammans med LC Pite\u00e5 den stora Loppmarknaden<br \/>\nsom LC Pite\u00e5 startade 1957<span style=\"display: inline !important; float: none; background-color: transparent; color: #333333; font-family: Georgia,'Times New Roman','Bitstream Charter',Times,serif; font-size: 16px; font-style: normal; font-variant: normal; font-weight: 400; letter-spacing: normal; line-height: 24px; orphans: 2; text-align: left; text-decoration: none; text-indent: 0px; text-transform: none; -webkit-text-stroke-width: 0px; white-space: normal; word-spacing: 0px; word-wrap: break-word;\">\u00a0 I samarbete med Pite\u00e5-Tidningen<\/span><br \/>\noch LC Pite\u00e5 arrangerade klubben f\u00f6r f\u00f6rsta g\u00e5ngen Pite\u00e5s Lucia<\/p>\n<p><strong>2002<\/strong>\u00a0februari intagning av klubbens f\u00f6rsta dam, Maria Lundqvist<\/p>\n<p><strong>2003<\/strong>\u00a0LC Pite\u00e5\/\u00d6jebyn och LC Pite\u00e5 arrangerade Sveriges Lions Riksm\u00f6te<\/p>\n<p><strong>2004<\/strong> LC Pite\u00e5\/\u00d6jebyn och LC Pite\u00e5 bildade Barnfonden Hj\u00e4rtat<\/p>\n<p><strong>2006<\/strong> Klubben hade sin f\u00f6rsta kvinnliga president, Margareta Oja.<\/p>\n<p><strong>2015<\/strong>\u00a0F\u00f6rsta M\u00f6belloppis anordnades under februari m\u00e5nad i samarbete med LC Pite\u00e5<br \/>\nOch Bilbolaget.<\/p>\n<p><strong>2017<\/strong>\u00a0Tre damer fr\u00e5n klubben, Britt-Marie Bergh, Maj-Britt Juuso och Margareta Oja ,<br \/>\ntilldelades Melvin Jones Fellow. Melvin Jones Fellow\u00a0\u00e4r <span style=\"background-color: transparent; color: #333333; display: inline; float: none; font-family: Georgia,&amp;quot; times new roman&amp;quot;,&amp;quot;bitstream charter&amp;quot;,times,serif; font-size: 16px; font-style: normal; font-variant: normal; font-weight: 400; letter-spacing: normal; line-height: 24px; orphans: 2; text-align: left; text-decoration: none; text-indent: 0px; text-transform: none; -webkit-text-stroke-width: 0px; white-space: normal; word-spacing: 0px; word-wrap: break-word;\">Lions h\u00f6gsta utm\u00e4rkelse till medlemmar<\/span><\/p>\n<p>F\u00f6r n\u00e4rvarande har klubben 54 medlemmar , 12 damer och 42 herrar.<\/p>\n<p><strong>2020-2021<\/strong> Verksamheten var reducerad under denna tid p\u00e5 grund av den r\u00e5dande pandemin.<br \/>\nS\u00e5v\u00e4l loppmarknad som den traditionella julmarknaden fick st\u00e4llas in.<br \/>\nFyra medlemmar tilldelades utm\u00e4rkelsen Chevron f\u00f6r l\u00e5ngt medlemskap, n\u00e4mligen Kurt Ruth, 10 \u00e5r, Rolf Johansson, 10 \u00e5r, Lennart Forsberg, 15 \u00e5r och Jarkko Enqvist, 25 \u00e5r.<\/p>\n<p><strong>2021-2022<\/strong> Fysiska m\u00f6ten, s\u00e5v\u00e4l styrelsem\u00f6ten som medlemsm\u00f6ten, blev \u00e5ter m\u00f6jliga n\u00e4r effekterna av pandemin minskade p\u00e5tagligt. Stora loppis kunde \u00e5ter genomf\u00f6ras liksom ett m\u00f6belloppis.<br \/>\nIngvar Ellnestam tilldelades Melvin Jones Fellowship. Lena Henriksson f\u00f6r\u00e4rades med en medalj f\u00f6r sin medlemsv\u00e4rvning.<br \/>\n\u00c5tta medlemmar tilldelades Chevron f\u00f6r l\u00e5ngt medlemskap, n\u00e4mligen: Anders Lindmark, Maj-Britt Juuso, Margit Lindqvist, Rosita Bresser, Jan Ejderh\u00e4ll, Lars Wiksten, Eilert Jonsson och Anders Larzon.<\/p>\n<p><strong>2023-2024<\/strong> Under \u00e5ret har vi haft 10 medlemsm\u00f6ten och 10 styrelsem\u00f6ten. P\u00e5 medlemsm\u00f6ten har det i snitt varit 33 medlemmar. Det k\u00e4nns som en bra uppslutning.<br \/>\nVi har ocks\u00e5 haft ett antal uppskattade bes\u00f6k av intressanta f\u00f6rel\u00e4sare.<\/p>\n<p><em>Int\u00e4kter under verksamhets\u00e5ret<\/em>:<br \/>\nLoppis 110 000:-, Riksteatern 25 000:-, Insamling Ukraina 19 000:- och Sponsorint\u00e4kter 9 000:-. Totalt 163 000:-<\/p>\n<p><em>G\u00e5vor och bidrag:<br \/>\n<\/em>Lokalt 336 000:-, Lions Cancerforskningsfond i Norr 66 000:-, Ukraina<br \/>\n50 000:-, Lions olika bidrag och fonder 20000:-.<\/p>\n<p>Under \u00e5ret har sex (6) medlemmar beg\u00e4rt uttr\u00e4de (\u00e5lder, sjukdom, utlandsvistelse) och det inneb\u00e4r att vi i nul\u00e4get \u00e4r 41 medlemmar. Vi har, vilket \u00e4r mycket gl\u00e4djande, \u00f6kat antalet kvinnliga medlemmar. Under h\u00f6sten kommer vi att ha ett antal presumtiva medlemmar som kommer att bes\u00f6ka oss.<\/p>\n<p>Vi m\u00e5ste alla se \u00f6ver v\u00e5r bekantskapskrets och hj\u00e4lpas \u00e5t att f\u00e5 in nya medlemmar. En \u00f6verlevnadsfr\u00e5ga f\u00f6r Lions.<\/p>\n<!-- AddThis Advanced Settings generic via filter on the_content --><!-- AddThis Share Buttons generic via filter on the_content -->","protected":false},"excerpt":{"rendered":"<p>LC PITE\u00c5\/\u00d6JEBYN 1988 \u2013 2022 6-7 herrar ville bli medlemmar i Lions men ans\u00e5g att den Lions Club som fanns i Pite\u00e5, LC Pite\u00e5, var f\u00f6r m\u00e5nga medlemmar 1988 15 mars bildades LC Pite\u00e5\/\u00d6jebyn med 22 medlemmar. Fadder Club LC<span class=\"ellipsis\">&hellip;<\/span><\/p>\n<div class=\"read-more\"><a href=\"http:\/\/pitea.lions.se\/p-o\/historia\/\">L\u00e4s mer &#8250;<\/a><\/div>\n<p><!-- end of .read-more --><!-- AddThis Advanced Settings generic via filter on get_the_excerpt --><!-- AddThis Share Buttons generic via filter on get_the_excerpt --><\/p>\n","protected":false},"author":2,"featured_media":0,"parent":0,"menu_order":0,"comment_status":"closed","ping_status":"closed","template":"","meta":{"footnotes":""},"class_list":["post-1757","page","type-page","status-publish","hentry"],"aioseo_notices":[],"_links":{"self":[{"href":"http:\/\/pitea.lions.se\/p-o\/wp-json\/wp\/v2\/pages\/1757","targetHints":{"allow":["GET"]}}],"collection":[{"href":"http:\/\/pitea.lions.se\/p-o\/wp-json\/wp\/v2\/pages"}],"about":[{"href":"http:\/\/pitea.lions.se\/p-o\/wp-json\/wp\/v2\/types\/page"}],"author":[{"embeddable":true,"href":"http:\/\/pitea.lions.se\/p-o\/wp-json\/wp\/v2\/users\/2"}],"replies":[{"embeddable":true,"href":"http:\/\/pitea.lions.se\/p-o\/wp-json\/wp\/v2\/comments?post=1757"}],"version-history":[{"count":12,"href":"http:\/\/pitea.lions.se\/p-o\/wp-json\/wp\/v2\/pages\/1757\/revisions"}],"predecessor-version":[{"id":3190,"href":"http:\/\/pitea.lions.se\/p-o\/wp-json\/wp\/v2\/pages\/1757\/revisions\/3190"}],"wp:attachment":[{"href":"http:\/\/pitea.lions.se\/p-o\/wp-json\/wp\/v2\/media?parent=1757"}],"curies":[{"name":"wp","href":"https:\/\/api.w.org\/{rel}","templated":true}]}}