{"id":1486,"date":"2017-11-23T13:02:55","date_gmt":"2017-11-23T13:02:55","guid":{"rendered":"http:\/\/pitea.lions.se\/p-o\/?page_id=1486"},"modified":"2017-11-23T13:02:55","modified_gmt":"2017-11-23T13:02:55","slug":"telegramverser-barn-och-ungdom","status":"publish","type":"page","link":"http:\/\/pitea.lions.se\/p-o\/telegramverser-barn-och-ungdom\/","title":{"rendered":"Telegramverser &#8211; Barn och ungdom"},"content":{"rendered":"<p style=\"text-align: center;\"><em>Din sol gick upp,<\/em><br \/>\n<em> men skymdes bort.<\/em><br \/>\n<em> Du var f\u00f6r god<\/em><br \/>\n<em> f\u00f6r livet.<\/em><br \/>\n<em> Fast\u00e4n din levnad<\/em><br \/>\n<em> blev s\u00e5 kort,<\/em><br \/>\n<em> du har oss mycket givit.<\/em><\/p>\n<p style=\"text-align: center;\"><em>Du var ett l\u00e5n vi alltid minns<\/em><br \/>\n<em> N\u00e5got underbart, som ej l\u00e4ngre finns.<\/em><\/p>\n<p style=\"text-align: center;\"><em>En liten \u00e4ngel kom,<\/em><br \/>\n<em> log och v\u00e4nde om.<\/em><\/p>\n<p style=\"text-align: center;\"><em>Gud som haver barnen k\u00e4r,<\/em><br \/>\n<em> se till mig som liten \u00e4r.<\/em><br \/>\n<em> Vart jag mig i v\u00e4rlden v\u00e4nder<\/em><br \/>\n<em> st\u00e5r min lycka i Guds h\u00e4nder.<\/em><br \/>\n<em> Lyckan kommer, lyckan g\u00e5r,<\/em><br \/>\n<em> du f\u00f6rbliver, Fader v\u00e5r.<\/em><\/p>\n<p style=\"text-align: center;\"><em>Tryggare kan ingen vara<\/em><br \/>\n<em> \u00e4n Guds lilla barnaskara,<\/em><br \/>\n<em> stj\u00e4rnan ej p\u00e5 himlaf\u00e4stet,<\/em><br \/>\n<em> f\u00e5geln ej i k\u00e4nda n\u00e4stet.<\/em><\/p>\n<p style=\"text-align: center;\"><em>Vad han tar och vad han giver, <\/em><br \/>\n<em> Samme Fader han dock bliver,<\/em><br \/>\n<em> och hans m\u00e5l \u00e4r blott det ena:<\/em><br \/>\n<em> barnets sanna v\u00e4l allena.<\/em><\/p>\n<p style=\"text-align: center;\"><em>Sv\u00e5rt att se i unga dar<\/em><br \/>\n<em> friska blommor falla,<\/em><br \/>\n<em> tungt att mista dig, som var<\/em><br \/>\n<em> gl\u00e4djen f\u00f6r oss alla.<\/em><\/p>\n<p style=\"text-align: center;\"><em>L\u00e5t barnen koma hit till mig och hindra dem inte: Guds rike tillh\u00f6r s\u00e5dana som de.<\/em><\/p>\n<p style=\"text-align: center;\"><em>M\u00e4nskligt sk\u00e5dat<\/em><br \/>\n<em> kan det tyckas<\/em><br \/>\n<em> att f\u00f6r ung du dog.<\/em><br \/>\n<em> Men en annan visste b\u00e4ttre:<\/em><br \/>\n<em> Herren gav och tog.<\/em><\/p>\n<p style=\"text-align: center;\"><em>Snart br\u00f6t du upp,<\/em><br \/>\n<em> snart drog du bort<\/em><br \/>\n<em> en flyktig g\u00e4st,<\/em><br \/>\n<em> ditt liv blev kort.<\/em><br \/>\n<em> En v\u00e5r, som blott<\/em><br \/>\n<em> i blomning gick, <\/em><br \/>\n<em> en gryning som<\/em><br \/>\n<em> ej dagas fick.<\/em><\/p>\n<p style=\"text-align: center;\"><em>Sov gott, mitt barn,<\/em><br \/>\n<em> sov gott i Gud.<\/em><br \/>\n<em> Guds \u00e4nglar i<\/em><br \/>\n<em> sin vita skrud<\/em><br \/>\n<em> som f\u00f6r den H\u00f6gstes<\/em><br \/>\n<em> anlet st\u00e5<\/em><br \/>\n<em> de vaka h\u00e4r<\/em><br \/>\n<em> f\u00f6r dig ocks\u00e5.<\/em><\/p>\n<p style=\"text-align: center;\"><em>Herren gav och Herren tog,<\/em><br \/>\n<em> lovat vare Herrens namn.<\/em><\/p>\n<p style=\"text-align: center;\"><em>Nu \u00e4r du f\u00f6rd, du lilla,<\/em><br \/>\n<em> till Herrens \u00f6rtag\u00e5rd.<\/em><br \/>\n<em> Ej mer dig d\u00e4r g\u00f6r illa<\/em><br \/>\n<em> v\u00e5r vinter, kall och h\u00e5rd.<\/em><br \/>\n<em> D\u00e4r f\u00e5r f\u00f6r Gud du tr\u00e4da,<\/em><br \/>\n<em> i klarhet lik hans sol,<\/em><br \/>\n<em> och barnas\u00e5ngen kv\u00e4da<\/em><br \/>\n<em> f\u00f6r Lammets kungastol.<\/em><\/p>\n<!-- AddThis Advanced Settings generic via filter on the_content --><!-- AddThis Share Buttons generic via filter on the_content -->","protected":false},"excerpt":{"rendered":"<p>Din sol gick upp, men skymdes bort. Du var f\u00f6r god f\u00f6r livet. Fast\u00e4n din levnad blev s\u00e5 kort, du har oss mycket givit. Du var ett l\u00e5n vi alltid minns N\u00e5got underbart, som ej l\u00e4ngre finns. En liten \u00e4ngel<span class=\"ellipsis\">&hellip;<\/span><\/p>\n<div class=\"read-more\"><a href=\"http:\/\/pitea.lions.se\/p-o\/telegramverser-barn-och-ungdom\/\">L\u00e4s mer &#8250;<\/a><\/div>\n<p><!-- end of .read-more --><!-- AddThis Advanced Settings generic via filter on get_the_excerpt --><!-- AddThis Share Buttons generic via filter on get_the_excerpt --><\/p>\n","protected":false},"author":2,"featured_media":0,"parent":0,"menu_order":0,"comment_status":"closed","ping_status":"closed","template":"","meta":{"footnotes":""},"class_list":["post-1486","page","type-page","status-publish","hentry"],"aioseo_notices":[],"_links":{"self":[{"href":"http:\/\/pitea.lions.se\/p-o\/wp-json\/wp\/v2\/pages\/1486","targetHints":{"allow":["GET"]}}],"collection":[{"href":"http:\/\/pitea.lions.se\/p-o\/wp-json\/wp\/v2\/pages"}],"about":[{"href":"http:\/\/pitea.lions.se\/p-o\/wp-json\/wp\/v2\/types\/page"}],"author":[{"embeddable":true,"href":"http:\/\/pitea.lions.se\/p-o\/wp-json\/wp\/v2\/users\/2"}],"replies":[{"embeddable":true,"href":"http:\/\/pitea.lions.se\/p-o\/wp-json\/wp\/v2\/comments?post=1486"}],"version-history":[{"count":1,"href":"http:\/\/pitea.lions.se\/p-o\/wp-json\/wp\/v2\/pages\/1486\/revisions"}],"predecessor-version":[{"id":1487,"href":"http:\/\/pitea.lions.se\/p-o\/wp-json\/wp\/v2\/pages\/1486\/revisions\/1487"}],"wp:attachment":[{"href":"http:\/\/pitea.lions.se\/p-o\/wp-json\/wp\/v2\/media?parent=1486"}],"curies":[{"name":"wp","href":"https:\/\/api.w.org\/{rel}","templated":true}]}}