{"id":147,"date":"2016-01-22T10:10:19","date_gmt":"2016-01-22T10:10:19","guid":{"rendered":"http:\/\/test.charlottadesign.se\/lions.se\/?page_id=147"},"modified":"2022-04-07T08:36:11","modified_gmt":"2022-04-07T08:36:11","slug":"vardegrund","status":"publish","type":"page","link":"http:\/\/pitea.lions.se\/p-o\/vardegrund\/","title":{"rendered":"V\u00e4rdegrund"},"content":{"rendered":"<p>&#8221;Ingen kan g\u00f6ra allt, men alla kan g\u00f6ra n\u00e5got.&#8221;<\/p>\n<p>Citat av vice generalsekreteraren i FN Jan Eliasson.\u00d6<\/p>\n<h2>\u00a0\u00d6ppenhet<\/h2>\n<p>\u00d6ppenhet \u00e4r en sj\u00e4lvklarhet f\u00f6r oss v\u00e5ra medlemmar och andra samh\u00e4llsmedborgare p\u00e5 det lokala, regionala, nationella och internationella planet. \u00d6ppenhet f\u00e5r aldrig skada tredje person.<\/p>\n<p>Vi str\u00e4var efter att ha ett helt \u00f6ppet medlemsregister. Enklare f\u00f6r oss: inget anv\u00e4ndarnamn, inget l\u00f6senord. Tanken med det \u00e4r att vi medlemmar vet var vi skall s\u00f6ka intern information om grupper och vilka som ing\u00e5r i olika arbetsgrupper. N\u00e4r de olika aktiviteterna skall utf\u00f6ras. Tanken \u00e4r ocks\u00e5 att g\u00f6ra andra m\u00e4nniskor intresserade av v\u00e5rt arbete, och v\u00e4ljer att g\u00e5 med i v\u00e5r klubb. V\u00e4lkommen.<\/p>\n<h2>J\u00e4mlikhet<\/h2>\n<p>Lions \u00e4r en f\u00f6rening f\u00f6r hj\u00e4lpverksamhet som bildades f\u00f6r 100 \u00e5r sedan. Kvinnor erbj\u00f6ds att bli medlemmar sent p\u00e5 80talet. Vi har jobbat med fr\u00e5gan i m\u00e5nga \u00e5r utan att n\u00e5 det m\u00e5l vi vill med j\u00e4mlikhet. Dock p\u00e5 senare \u00e5r har allt fler kvinnor anslutit sig som medlemmar. Vi har ocks\u00e5 valt att samarbeta med en n\u00e4rst\u00e5ende Damklubb samt med\u00a0 Lions Pite\u00e5 sen m\u00e5nga \u00e5r tillbaka.<\/p>\n<h2>FN:s Barnkonvention<\/h2>\n<p>Barnkonventionen inneh\u00e5ller best\u00e4mmelser om m\u00e4nskliga r\u00e4ttigheter f\u00f6r barn. Den \u00e4r r\u00e4ttsligt\u00a0bindande.\u00a0Konventionen sl\u00e5r fast att barn inte \u00e4r f\u00f6r\u00e4ldrars eller andra vuxnas \u00e4godelar utan individer med\u00a0egna r\u00e4ttigheter.\u00a0Barn har ocks\u00e5 speciella behov av skydd och st\u00f6d.<br \/>\nL\u00e4s mer &#8211; <a href=\"https:\/\/unicef.se\/barnkonventionen\" target=\"_blank\" rel=\"noopener noreferrer\">Unicef &#8211; barnkonventionen<\/a><\/p>\n<p><strong>F\u00f6rslag blir svensk lag fr\u00e5n 1 jan 2020<\/strong><\/p>\n<h2>En Pite\u00e5region f\u00f6r alla<\/h2>\n<p>Pite\u00e5regionen ska vara en plats d\u00e4r alla m\u00e4nniskor har sina r\u00e4ttigheter och m\u00f6jligheter oavsett k\u00f6n,\u00a0utbildnings-\/inkomstniv\u00e5, social status, etnisk tillh\u00f6righet, religon eller annan trosuppfattning, sexuell l\u00e4ggning, k\u00f6ns\u00f6verskridande identitet, eller uttryck, \u00e5lder och funktionsneds\u00e4ttning.\u00a0Pite\u00e5 ska arbeta aktivt mot alla former av diskriminering och allt som leder till att m\u00e4nniskor och grupper s\u00e4rbehandlas negativt.<br \/>\nL\u00e4sa mer &#8211;\u00a0<a href=\"https:\/\/www.pitea.se\/mangfald\" target=\"_blank\" rel=\"noopener noreferrer\">Pite\u00e5 Kommun &#8211; M\u00e5ngfald<\/a><\/p>\n<h2>Planeten<\/h2>\n<p>Vi hoppas att klimatavtalet som 194 l\u00e4nder har skrivit p\u00e5 ska g\u00f6ra s\u00e5 att\u00a0v\u00e5r planet \u00e4ven \u00e4r beboelig f\u00f6r v\u00e5ra barn och barnbarn och kommande generationer.\u00a0\u00d6kningen av v\u00e4rldens medeltemperatur ska h\u00e5llas till klart under 2 grader och helst ska\u00a0den begr\u00e4nsas till 1,5 grader. Kan tyckas vara en akademisk fr\u00e5ga men den f\u00f6r\u00e4ndringen inneb\u00e4r att ca 60 miljoner m\u00e4nniskor kan f\u00e5 beh\u00e5lla sina hus och hem<\/p>\n<p><em>Skaffa dig mera kunskap om\u00a0 klimatf\u00f6r\u00e4ndringarna.<\/em><\/p>\n<blockquote><p>&#8221;Vi har ingen planet B.&#8221;<br \/>\nCitat Jan Eliasson FN:s vice generalsekreterare.<\/p><\/blockquote>\n<h2>Milj\u00f6n,\u00a0Konsumtion och klimat<\/h2>\n<p>Vi uppmanar v\u00e5ra medlemmar att t\u00e4nka p\u00e5 milj\u00f6n.\u00a0Det finns m\u00e5nga s\u00e4tt f\u00f6r privatpersoner och konsumenter att minska p\u00e5verkan p\u00e5 milj\u00f6n och p\u00e5 klimatet.\u00a0Vi kan g\u00f6ra det genom v\u00e5ra val i vardagen, men ocks\u00e5 genom att anv\u00e4nda v\u00e5r p\u00e5verkansm\u00f6jlighet som konsumenter.<br \/>\nL\u00e4s mer &#8211;\u00a0<a href=\"https:\/\/www.pitea.se\/Invanare\/Kommun-politik\/hallbar-samhallsutveckling\/miljo\/\" target=\"_blank\" rel=\"noopener noreferrer\">Pite\u00e5 Kommun &#8211; H\u00e5llbar utveckling &#8211; Milj\u00f6<\/a><\/p>\n<h2>V\u00e5r S\u00e4kerhet<\/h2>\n<p>Samlingsplats och ansvarig \u00e4r utsedda, n\u00e4r det \u00e4r brand, olycka eller n\u00e5gon blir sjuk.<br \/>\nVid brand i v\u00e5r m\u00f6teslokal\u00a0 Odd Fellov g\u00e4ller\u00a0 samlingsplats\u00a0 Huvuding\u00e5ngen Kyrkcenter<br \/>\nVid olycka eller sjukdom finns en ansvarig med n\u00e5gra medarbetare.Hj\u00e4rtstarter finns i m\u00f6teslokalen .<br \/>\ni m\u00f6teslokalen finns utrymningsv\u00e4g via balkong och spiraltrappa.<\/p>\n<h2>Etik och syfte<\/h2>\n<p>Alla som blir medlemmar i Lions avger ett l\u00f6fte om etik och syfte.\u00a0<a href=\"http:\/\/pitea.lions.se\/p-o\/etik-och-syften\/\">L\u00e4s mer h\u00e4r<\/a><\/p>\n<!-- AddThis Advanced Settings generic via filter on the_content --><!-- AddThis Share Buttons generic via filter on the_content -->","protected":false},"excerpt":{"rendered":"<p>&#8221;Ingen kan g\u00f6ra allt, men alla kan g\u00f6ra n\u00e5got.&#8221; Citat av vice generalsekreteraren i FN Jan Eliasson.\u00d6 \u00a0\u00d6ppenhet \u00d6ppenhet \u00e4r en sj\u00e4lvklarhet f\u00f6r oss v\u00e5ra medlemmar och andra samh\u00e4llsmedborgare p\u00e5 det lokala, regionala, nationella och internationella planet. \u00d6ppenhet f\u00e5r aldrig<span class=\"ellipsis\">&hellip;<\/span><\/p>\n<div class=\"read-more\"><a href=\"http:\/\/pitea.lions.se\/p-o\/vardegrund\/\">L\u00e4s mer &#8250;<\/a><\/div>\n<p><!-- end of .read-more --><!-- AddThis Advanced Settings generic via filter on get_the_excerpt --><!-- AddThis Share Buttons generic via filter on get_the_excerpt --><\/p>\n","protected":false},"author":1,"featured_media":0,"parent":0,"menu_order":0,"comment_status":"closed","ping_status":"closed","template":"","meta":{"footnotes":""},"class_list":["post-147","page","type-page","status-publish","hentry"],"aioseo_notices":[],"_links":{"self":[{"href":"http:\/\/pitea.lions.se\/p-o\/wp-json\/wp\/v2\/pages\/147","targetHints":{"allow":["GET"]}}],"collection":[{"href":"http:\/\/pitea.lions.se\/p-o\/wp-json\/wp\/v2\/pages"}],"about":[{"href":"http:\/\/pitea.lions.se\/p-o\/wp-json\/wp\/v2\/types\/page"}],"author":[{"embeddable":true,"href":"http:\/\/pitea.lions.se\/p-o\/wp-json\/wp\/v2\/users\/1"}],"replies":[{"embeddable":true,"href":"http:\/\/pitea.lions.se\/p-o\/wp-json\/wp\/v2\/comments?post=147"}],"version-history":[{"count":42,"href":"http:\/\/pitea.lions.se\/p-o\/wp-json\/wp\/v2\/pages\/147\/revisions"}],"predecessor-version":[{"id":2874,"href":"http:\/\/pitea.lions.se\/p-o\/wp-json\/wp\/v2\/pages\/147\/revisions\/2874"}],"wp:attachment":[{"href":"http:\/\/pitea.lions.se\/p-o\/wp-json\/wp\/v2\/media?parent=147"}],"curies":[{"name":"wp","href":"https:\/\/api.w.org\/{rel}","templated":true}]}}